{"id":462,"date":"2021-06-30T09:25:30","date_gmt":"2021-06-30T09:25:30","guid":{"rendered":"https:\/\/mochidemy.com\/blog\/?page_id=462"},"modified":"2024-05-10T09:57:40","modified_gmt":"2024-05-10T09:57:40","slug":"mochimochi-ho-tro","status":"publish","type":"page","link":"https:\/\/mochidemy.com\/blog\/","title":{"rendered":"MochiMochi &#8211; H\u1ed7 tr\u1ee3"},"content":{"rendered":"\n<h1 class=\"wp-block-heading has-large-font-size\" id=\"faq\">C\u00e2u h\u1ecfi th\u01b0\u1eddng g\u1eb7p<\/h1>\n\n\n\n<ul class=\"wp-block-list\">\n<li><a href=\"#contact\">Li\u00ean h\u1ec7 \u0111\u1ed9i ng\u0169 h\u1ed7 tr\u1ee3 c\u1ee7a MochiMochi<\/a><\/li>\n\n\n\n<li><a href=\"#how-it-work\">MochiMochi ho\u1ea1t \u0111\u1ed9ng nh\u01b0 th\u1ebf n\u00e0o?<\/a><\/li>\n\n\n\n<li><a href=\"https:\/\/mochidemy.com\/blog\/mochimochi-tu-vung-tieng-anh\/\">V\u00ec sao MochiMochi hi\u1ec7u qu\u1ea3?<\/a><\/li>\n\n\n\n<li><a href=\"#install-app\">V\u00ec sao m\u00ecnh kh\u00f4ng t\u1ea3i \u0111\u01b0\u1ee3c App MochiMochi?<\/a><\/li>\n\n\n\n<li><a href=\"#free\">MochiMochi c\u00f3 mi\u1ec5n ph\u00ed kh\u00f4ng?<\/a><\/li>\n\n\n\n<li><a href=\"#premium\">L\u00e0m th\u1ebf n\u00e0o \u0111\u1ec3 m\u1edf t\u1ea5t c\u1ea3 c\u00e1c kh\u00f3a h\u1ecdc MochiMochi?<\/a><\/li>\n\n\n\n<li><a href=\"https:\/\/mochidemy.com\/blog\/mochimochi-co-khoa-hoc-nao\/\">MochiMochi c\u00f3 nh\u1eefng kh\u00f3a h\u1ecdc n\u00e0o? MochiMochi c\u00f3 bao nhi\u00eau t\u1eeb?<\/a><\/li>\n\n\n\n<li><a href=\"https:\/\/mochidemy.com\/blog\/mochimochi-tinh-nang\/\">T\u1ed5ng h\u1ee3p c\u00e1c t\u00ednh n\u0103ng c\u1ee7a MochiMochi<\/a><\/li>\n\n\n\n<li><a href=\"https:\/\/mochidemy.com\/blog\/bat-thong-bao-thoi-diem-vang\/\">T\u00f4i kh\u00f4ng nh\u1eadn \u0111\u01b0\u1ee3c th\u00f4ng b\u00e1o &#8220;Th\u1eddi \u0111i\u1ec3m v\u00e0ng&#8221;<\/a><\/li>\n\n\n\n<li><a href=\"https:\/\/mochidemy.com\/blog\/mochi-dictionary\/\">Mochi Dictionary l\u00e0 g\u00ec? L\u00e0m th\u1ebf n\u00e0o \u0111\u1ec3 th\u00eam t\u1eeb v\u00e0o MochiMochi?<\/a><\/li>\n\n\n\n<li><a href=\"https:\/\/mochidemy.com\/blog\/mochi-test\/\">C\u00e1ch s\u1eed d\u1ee5ng Mochi Test \u0111\u1ec3 ki\u1ec3m tra v\u1ed1n t\u1eeb ti\u1ebfng Anh<\/a><\/li>\n\n\n\n<li><a href=\"https:\/\/mochidemy.com\/blog\/mochivideo\/\">MochiVideo l\u00e0 g\u00ec? N\u00e2ng tr\u00ecnh nghe IELTS c\u00f9ng MochiVideo<\/a><\/li>\n\n\n\n<li><a href=\"https:\/\/mochidemy.com\/blog\/mochigame\/\">MochiGame &#8211; Hidden Words<\/a><\/li>\n<\/ul>\n\n\n\n<hr class=\"wp-block-separator has-text-color has-background is-style-wide\" style=\"background-color:#f3f3f3;color:#f3f3f3\" id=\"contact\"\/>\n\n\n\n<h2 class=\"wp-block-heading\" id=\"contact\" style=\"font-size:24px\">1. Li\u00ean h\u1ec7 v\u1edbi MochiMochi<\/h2>\n\n\n\n<p>Tr\u01b0\u1edbc khi li\u00ean h\u1ec7 \u0111\u1ed9i ng\u0169 h\u1ed7 tr\u1ee3 c\u1ee7a MochiMochi, b\u1ea1n h\u00e3y xem qua nh\u1eefng <a href=\"#faq\"><strong>c\u00e2u h\u1ecfi th\u01b0\u1eddng g\u1eb7p (FAQ)<\/strong><\/a> \u0111\u1ec3 c\u00f3 \u0111\u01b0\u1ee3c c\u00e2u tr\u1ea3 l\u1eddi nhanh nh\u1ea5t.&nbsp;<\/p>\n\n\n\n<p>N\u1ebfu b\u1ea1n kh\u00f4ng t\u00ecm th\u1ea5y c\u00e2u tr\u1ea3 l\u1eddi ph\u00f9 h\u1ee3p cho v\u1ea5n \u0111\u1ec1 \u0111ang g\u1eb7p ph\u1ea3i, b\u1ea1n c\u00f3 th\u1ec3 li\u00ean h\u1ec7 v\u1edbi \u0111\u1ed9i ng\u0169 h\u1ed7 tr\u1ee3 c\u1ee7a MochiMochi qua m\u1ed9t trong hai k\u00eanh li\u00ean h\u1ec7 sau:&nbsp;<\/p>\n\n\n\n<ul class=\"wp-block-list\">\n<li>Email: <a href=\"mailto:mochidemy@gmail.com\">mochidemy@gmail.com<\/a><\/li>\n\n\n\n<li>Facebook Fanpage: <a href=\"http:\/\/m.me\/Mochidemy\">m.me\/Mochidemy<\/a><\/li>\n\n\n\n<li>Group h\u1ecdc vi\u00ean <a href=\"https:\/\/www.facebook.com\/groups\/MochiMochi.hoctiengAnh\">MochiMochi &#8211; H\u1ecdc ti\u1ebfng Anh<\/a> v\u00e0 <a href=\"https:\/\/www.facebook.com\/groups\/MochiMochi.hoctiengNhat\">MochiMochi &#8211; h\u1ecdc ti\u1ebfng Nh\u1eadt<\/a><\/li>\n<\/ul>\n\n\n\n<p><strong>Tips:<\/strong> B\u1ea1n h\u00e3y m\u00f4 t\u1ea3 r\u00f5, k\u00e8m theo \u1ea3nh ch\u1ee5p m\u00e0n h\u00ecnh (n\u1ebfu c\u00f3) v\u1ea5n \u0111\u1ec1 m\u00e0 m\u00ecnh g\u1eb7p ph\u1ea3i \u0111\u1ec3 MochiMochi c\u00f3 th\u1ec3 h\u1ed7 tr\u1ee3 b\u1ea1n nhanh ch\u00f3ng v\u00e0 k\u1ecbp th\u1eddi nh\u1ea5t.<\/p>\n\n\n\n<hr class=\"wp-block-separator has-text-color has-css-opacity has-background\" style=\"background-color:#f3f3f3;color:#f3f3f3\"\/>\n\n\n\n<h2 class=\"wp-block-heading\" id=\"how-it-work\" style=\"font-size:24px\">2. MochiMochi ho\u1ea1t \u0111\u1ed9ng nh\u01b0 th\u1ebf n\u00e0o?<\/h2>\n\n\n\n<p>MochiMochi l\u00e0 \u1ee9ng d\u1ee5ng h\u1ecdc t\u1eeb v\u1ef1ng hi\u1ec7u qu\u1ea3 \u1ee9ng d\u1ee5ng Spaced Repetition gi\u00fap b\u1ea1n ghi nh\u1edb 1000 t\u1eeb v\u1ef1ng trong 1 th\u00e1ng. Thu\u1eadt to\u00e1n \u0111\u1eb7c bi\u1ec7t c\u1ee7a MochiMochi gi\u00fap b\u1ea1n \u00f4n t\u1eadp \u0111\u00fang Th\u1eddi \u0111i\u1ec3m v\u00e0ng, t\u1eeb \u0111\u00f3 \u0111\u1ea1t hi\u1ec7u qu\u1ea3 ghi nh\u1edb cao nh\u1ea5t, \u0111\u1ed3ng th\u1eddi t\u1ea1o tr\u1ea3i nghi\u1ec7m h\u1ecdc t\u1eadp d\u1ec5 d\u00e0ng v\u00e0 tr\u00e0n \u0111\u1ea7y h\u1ee9ng kh\u1edfi.&nbsp;<\/p>\n\n\n\n<p><strong>\u0110\u1ecdc th\u00eam: <a href=\"https:\/\/mochidemy.com\/blog\/mochimochi-hoat-dong-nhu-the-nao\/\">MochiMochi ho\u1ea1t \u0111\u1ed9ng nh\u01b0 th\u1ebf n\u00e0o?<\/a><\/strong><\/p>\n\n\n\n<figure class=\"wp-block-embed is-type-video is-provider-youtube wp-block-embed-youtube wp-embed-aspect-16-9 wp-has-aspect-ratio\"><div class=\"wp-block-embed__wrapper\">\n<iframe loading=\"lazy\" title=\"MochiMochi ho\u1ea1t \u0111\u1ed9ng nh\u01b0 th\u1ebf n\u00e0o? - MochiMochi Main Features\" width=\"690\" height=\"388\" src=\"https:\/\/www.youtube.com\/embed\/LBQri2ga4TE?feature=oembed\" frameborder=\"0\" allow=\"accelerometer; autoplay; clipboard-write; encrypted-media; gyroscope; picture-in-picture; web-share\" allowfullscreen><\/iframe>\n<\/div><\/figure>\n\n\n\n<hr class=\"wp-block-separator has-text-color has-css-opacity has-background\" style=\"background-color:#f3f3f3;color:#f3f3f3\"\/>\n\n\n\n<h2 class=\"wp-block-heading\" id=\"install-app\" style=\"font-size:24px\">3. V\u00ec sao m\u00ecnh kh\u00f4ng t\u1ea3i \u0111\u01b0\u1ee3c App MochiMochi?<\/h2>\n\n\n\n<p>B\u1ea1n c\u00f3 th\u1ec3 t\u1ea3i MochiMochi b\u1eb1ng c\u00e1ch truy c\u1eadp App Store ho\u1eb7c Google Play v\u00e0 g\u00f5 \u201cMochiMochi\u201d, sau \u0111\u00f3 t\u1ea3i App v\u1ec1 \u0111i\u1ec7n tho\u1ea1i.<\/p>\n\n\n\n<p>App MochiMochi h\u1ed7 tr\u1ee3 tr\u00ean h\u1ec7 \u0111i\u1ec1u h\u00e0nh iOS 10.0 v\u00e0 Oreo 8.0 tr\u1edf l\u00ean. N\u1ebfu thi\u1ebft b\u1ecb c\u1ee7a b\u1ea1n kh\u00f4ng t\u01b0\u01a1ng th\u00edch v\u1edbi phi\u00ean b\u1ea3n m\u1edbi nh\u1ea5t c\u1ee7a App th\u00ec b\u1ea1n s\u1ebd kh\u00f4ng t\u00ecm th\u1ea5y ho\u1eb7c kh\u00f4ng t\u1ea3i \u0111\u01b0\u1ee3c MochiMochi. Thay v\u00e0o \u0111\u00f3, b\u1ea1n c\u00f3 th\u1ec3 s\u1eed d\u1ee5ng&nbsp;<a href=\"https:\/\/learn.mochidemy.com\/\"><strong>phi\u00ean b\u1ea3n Web c\u1ee7a MochiMochi<\/strong><\/a>&nbsp;v\u1edbi \u0111\u1ea7y \u0111\u1ee7 ch\u1ee9c n\u0103ng nh\u01b0 b\u1ea3n App.<\/p>\n\n\n\n<hr class=\"wp-block-separator has-text-color has-css-opacity has-background\" style=\"background-color:#f3f3f3;color:#f3f3f3\"\/>\n\n\n\n<h2 class=\"wp-block-heading\" id=\"free\" style=\"font-size:24px\">4. MochiMochi c\u00f3 mi\u1ec5n ph\u00ed kh\u00f4ng?<\/h2>\n\n\n\n<p>MochiMochi cho ph\u00e9p ng\u01b0\u1eddi h\u1ecdc d\u00f9ng th\u1eed 3 b\u00e0i mi\u1ec5n ph\u00ed v\u1edbi \u0111\u1ea7y \u0111\u1ee7 c\u00e1c ch\u1ee9c n\u0103ng c\u1ee7a \u1ee9ng d\u1ee5ng. B\u1ea1n c\u00f3 th\u1ec3 tr\u1ea3i nghi\u1ec7m mi\u1ec5n ph\u00ed 3 b\u00e0i h\u1ecdc th\u1eed b\u1eb1ng c\u00e1ch t\u1ea3i \u1ee9ng d\u1ee5ng v\u00e0 t\u1ea1o t\u00e0i kho\u1ea3n.&nbsp;<\/p>\n\n\n\n<p><strong>\u0110\u1ecdc th\u00eam: <a href=\"https:\/\/mochidemy.com\/blog\/huong-dan-dang-nhap-nap-ma-hoc-thu-mochimochi-mien-phi\/\">H\u01b0\u1edbng d\u1eabn t\u1ea1o t\u00e0i kho\u1ea3n, \u0111\u0103ng nh\u1eadp v\u00e0 h\u1ecdc th\u1eed MochiMochi mi\u1ec5n ph\u00ed<\/a><\/strong><\/p>\n\n\n\n<hr class=\"wp-block-separator has-text-color has-css-opacity has-background\" style=\"background-color:#f3f3f3;color:#f3f3f3\"\/>\n\n\n\n<h2 class=\"wp-block-heading\" id=\"premium\" style=\"font-size:24px\">5. L\u00e0m th\u1ebf n\u00e0o \u0111\u1ec3 m\u1edf t\u1ea5t c\u1ea3 kh\u00f3a h\u1ecdc MochiMochi?<\/h2>\n\n\n\n<p>\u0110\u1ec3 m\u1edf kh\u00f3a t\u1ea5t c\u1ea3 kh\u00f3a h\u1ecdc c\u1ee7a MochiMochi, b\u1ea1n c\u1ea7n n\u00e2ng c\u1ea5p l\u00ean t\u00e0i kho\u1ea3n MochiMochi Premium.&nbsp;<\/p>\n\n\n\n<p>\u0110\u1ec3 thanh to\u00e1n v\u00e0 nh\u1eadn \u01b0u \u0111\u00e3i c\u1ee7a MochiMochi, b\u1ea1n tham kh\u1ea3o <a href=\"https:\/\/mochidemy.com\/blog\/nang-cap-mochi-premium\/\"><strong>h\u01b0\u1edbng d\u1eabn thanh to\u00e1n<\/strong><\/a> m\u1edf t\u00e0i kho\u1ea3n Premium. Hi\u1ec7n t\u1ea1i b\u1ea1n c\u00f3 th\u1ec3 l\u1ef1a ch\u1ecdn th\u1eddi h\u1ea1n h\u1ecdc l\u00e0 1 n\u0103m ho\u1eb7c 3 n\u0103m. Trong th\u1eddi gian b\u1ea1n s\u1eed d\u1ee5ng, b\u1ea1n s\u1ebd \u0111\u01b0\u1ee3c truy c\u1eadp kh\u00f4ng gi\u1edbi h\u1ea1n v\u00e0o t\u1ea5t c\u1ea3 c\u00e1c b\u00e0i h\u1ecdc c\u1ee7a MochiMochi.<\/p>\n\n\n\n<p>Sau khi thanh to\u00e1n, b\u1ea1n s\u1ebd nh\u1eadn \u0111\u01b0\u1ee3c 1 m\u00e3 k\u00edch ho\u1ea1t t\u00e0i kho\u1ea3n. B\u1ea1n ch\u1ec9 c\u1ea7n l\u00e0m theo <a href=\"https:\/\/mochidemy.com\/blog\/huong-dan-nap-ma\/\"><strong>h\u01b0\u1edbng d\u1eabn n\u1ea1p m\u00e3<\/strong><\/a> l\u00e0 c\u00f3 th\u1ec3 m\u1edf kh\u00f3a to\u00e0n b\u1ed9 kh\u00f3a h\u1ecdc c\u1ee7a MochiMochi.<\/p>\n\n\n\n<hr class=\"wp-block-separator has-text-color has-css-opacity has-background\" style=\"background-color:#f3f3f3;color:#f3f3f3\"\/>\n\n\n\n<p><\/p>\n","protected":false},"excerpt":{"rendered":"<p>C\u00e2u h\u1ecfi th\u01b0\u1eddng g\u1eb7p 1. Li\u00ean h\u1ec7 v\u1edbi MochiMochi Tr\u01b0\u1edbc khi li\u00ean h\u1ec7 \u0111\u1ed9i ng\u0169 h\u1ed7 tr\u1ee3 c\u1ee7a MochiMochi, b\u1ea1n&hellip;<\/p>\n","protected":false},"author":1,"featured_media":0,"parent":0,"menu_order":0,"comment_status":"closed","ping_status":"closed","template":"","meta":{"footnotes":""},"class_list":["post-462","page","type-page","status-publish","hentry","no-post-thumbnail","entry"],"yoast_head":"<!-- This site is optimized with the Yoast SEO plugin v22.7 - https:\/\/yoast.com\/wordpress\/plugins\/seo\/ -->\n<title>MochiMochi - H\u1ed7 tr\u1ee3 - C\u00e2u h\u1ecfi th\u01b0\u1eddng g\u1eb7p (FAQ)<\/title>\n<meta name=\"description\" content=\"Tr\u01b0\u1edbc khi li\u00ean h\u1ec7 \u0111\u1ed9i ng\u0169 h\u1ed7 tr\u1ee3 c\u1ee7a MochiMochi, b\u1ea1n h\u00e3y xem qua nh\u1eefng c\u00e2u h\u1ecfi th\u01b0\u1eddng g\u1eb7p (FAQ) \u0111\u1ec3 c\u00f3 \u0111\u01b0\u1ee3c c\u00e2u tr\u1ea3 l\u1eddi nhanh nh\u1ea5t.\" \/>\n<meta name=\"robots\" content=\"index, follow, max-snippet:-1, max-image-preview:large, max-video-preview:-1\" \/>\n<link rel=\"canonical\" href=\"https:\/\/mochidemy.com\/blog\/\" \/>\n<meta property=\"og:locale\" content=\"en_US\" \/>\n<meta property=\"og:type\" content=\"article\" \/>\n<meta property=\"og:title\" content=\"MochiMochi - H\u1ed7 tr\u1ee3 - C\u00e2u h\u1ecfi th\u01b0\u1eddng g\u1eb7p (FAQ)\" \/>\n<meta property=\"og:description\" content=\"Tr\u01b0\u1edbc khi li\u00ean h\u1ec7 \u0111\u1ed9i ng\u0169 h\u1ed7 tr\u1ee3 c\u1ee7a MochiMochi, b\u1ea1n h\u00e3y xem qua nh\u1eefng c\u00e2u h\u1ecfi th\u01b0\u1eddng g\u1eb7p (FAQ) \u0111\u1ec3 c\u00f3 \u0111\u01b0\u1ee3c c\u00e2u tr\u1ea3 l\u1eddi nhanh nh\u1ea5t.\" \/>\n<meta property=\"og:url\" content=\"https:\/\/mochidemy.com\/blog\/\" \/>\n<meta property=\"og:site_name\" content=\"MochiMochi Blog\" \/>\n<meta property=\"article:modified_time\" content=\"2024-05-10T09:57:40+00:00\" \/>\n<meta name=\"twitter:card\" content=\"summary_large_image\" \/>\n<meta name=\"twitter:label1\" content=\"Est. reading time\" \/>\n\t<meta name=\"twitter:data1\" content=\"3 minutes\" \/>\n<script type=\"application\/ld+json\" class=\"yoast-schema-graph\">{\"@context\":\"https:\/\/schema.org\",\"@graph\":[{\"@type\":\"WebPage\",\"@id\":\"https:\/\/mochidemy.com\/blog\/\",\"url\":\"https:\/\/mochidemy.com\/blog\/\",\"name\":\"MochiMochi - H\u1ed7 tr\u1ee3 - C\u00e2u h\u1ecfi th\u01b0\u1eddng g\u1eb7p (FAQ)\",\"isPartOf\":{\"@id\":\"https:\/\/mochidemy.com\/blog\/#website\"},\"datePublished\":\"2021-06-30T09:25:30+00:00\",\"dateModified\":\"2024-05-10T09:57:40+00:00\",\"description\":\"Tr\u01b0\u1edbc khi li\u00ean h\u1ec7 \u0111\u1ed9i ng\u0169 h\u1ed7 tr\u1ee3 c\u1ee7a MochiMochi, b\u1ea1n h\u00e3y xem qua nh\u1eefng c\u00e2u h\u1ecfi th\u01b0\u1eddng g\u1eb7p (FAQ) \u0111\u1ec3 c\u00f3 \u0111\u01b0\u1ee3c c\u00e2u tr\u1ea3 l\u1eddi nhanh nh\u1ea5t.\",\"breadcrumb\":{\"@id\":\"https:\/\/mochidemy.com\/blog\/#breadcrumb\"},\"inLanguage\":\"en-US\",\"potentialAction\":[{\"@type\":\"ReadAction\",\"target\":[\"https:\/\/mochidemy.com\/blog\/\"]}]},{\"@type\":\"BreadcrumbList\",\"@id\":\"https:\/\/mochidemy.com\/blog\/#breadcrumb\",\"itemListElement\":[{\"@type\":\"ListItem\",\"position\":1,\"name\":\"Home\",\"item\":\"https:\/\/mochidemy.com\/blog\/\"},{\"@type\":\"ListItem\",\"position\":2,\"name\":\"MochiMochi &#8211; H\u1ed7 tr\u1ee3\"}]},{\"@type\":\"WebSite\",\"@id\":\"https:\/\/mochidemy.com\/blog\/#website\",\"url\":\"https:\/\/mochidemy.com\/blog\/\",\"name\":\"MochiMochi Blog\",\"description\":\"H\u1ecdc t\u1eeb v\u1ef1ng si\u00eau t\u1ed1c\",\"publisher\":{\"@id\":\"https:\/\/mochidemy.com\/blog\/#organization\"},\"potentialAction\":[{\"@type\":\"SearchAction\",\"target\":{\"@type\":\"EntryPoint\",\"urlTemplate\":\"https:\/\/mochidemy.com\/blog\/?s={search_term_string}\"},\"query-input\":\"required name=search_term_string\"}],\"inLanguage\":\"en-US\"},{\"@type\":\"Organization\",\"@id\":\"https:\/\/mochidemy.com\/blog\/#organization\",\"name\":\"MochiMochi\",\"url\":\"https:\/\/mochidemy.com\/blog\/\",\"logo\":{\"@type\":\"ImageObject\",\"inLanguage\":\"en-US\",\"@id\":\"https:\/\/mochidemy.com\/blog\/#\/schema\/logo\/image\/\",\"url\":\"https:\/\/mochidemy.com\/blog\/wp-content\/uploads\/2021\/06\/Logo.png\",\"contentUrl\":\"https:\/\/mochidemy.com\/blog\/wp-content\/uploads\/2021\/06\/Logo.png\",\"width\":600,\"height\":600,\"caption\":\"MochiMochi\"},\"image\":{\"@id\":\"https:\/\/mochidemy.com\/blog\/#\/schema\/logo\/image\/\"}}]}<\/script>\n<!-- \/ Yoast SEO plugin. -->","yoast_head_json":{"title":"MochiMochi - H\u1ed7 tr\u1ee3 - C\u00e2u h\u1ecfi th\u01b0\u1eddng g\u1eb7p (FAQ)","description":"Tr\u01b0\u1edbc khi li\u00ean h\u1ec7 \u0111\u1ed9i ng\u0169 h\u1ed7 tr\u1ee3 c\u1ee7a MochiMochi, b\u1ea1n h\u00e3y xem qua nh\u1eefng c\u00e2u h\u1ecfi th\u01b0\u1eddng g\u1eb7p (FAQ) \u0111\u1ec3 c\u00f3 \u0111\u01b0\u1ee3c c\u00e2u tr\u1ea3 l\u1eddi nhanh nh\u1ea5t.","robots":{"index":"index","follow":"follow","max-snippet":"max-snippet:-1","max-image-preview":"max-image-preview:large","max-video-preview":"max-video-preview:-1"},"canonical":"https:\/\/mochidemy.com\/blog\/","og_locale":"en_US","og_type":"article","og_title":"MochiMochi - H\u1ed7 tr\u1ee3 - C\u00e2u h\u1ecfi th\u01b0\u1eddng g\u1eb7p (FAQ)","og_description":"Tr\u01b0\u1edbc khi li\u00ean h\u1ec7 \u0111\u1ed9i ng\u0169 h\u1ed7 tr\u1ee3 c\u1ee7a MochiMochi, b\u1ea1n h\u00e3y xem qua nh\u1eefng c\u00e2u h\u1ecfi th\u01b0\u1eddng g\u1eb7p (FAQ) \u0111\u1ec3 c\u00f3 \u0111\u01b0\u1ee3c c\u00e2u tr\u1ea3 l\u1eddi nhanh nh\u1ea5t.","og_url":"https:\/\/mochidemy.com\/blog\/","og_site_name":"MochiMochi Blog","article_modified_time":"2024-05-10T09:57:40+00:00","twitter_card":"summary_large_image","twitter_misc":{"Est. reading time":"3 minutes"},"schema":{"@context":"https:\/\/schema.org","@graph":[{"@type":"WebPage","@id":"https:\/\/mochidemy.com\/blog\/","url":"https:\/\/mochidemy.com\/blog\/","name":"MochiMochi - H\u1ed7 tr\u1ee3 - C\u00e2u h\u1ecfi th\u01b0\u1eddng g\u1eb7p (FAQ)","isPartOf":{"@id":"https:\/\/mochidemy.com\/blog\/#website"},"datePublished":"2021-06-30T09:25:30+00:00","dateModified":"2024-05-10T09:57:40+00:00","description":"Tr\u01b0\u1edbc khi li\u00ean h\u1ec7 \u0111\u1ed9i ng\u0169 h\u1ed7 tr\u1ee3 c\u1ee7a MochiMochi, b\u1ea1n h\u00e3y xem qua nh\u1eefng c\u00e2u h\u1ecfi th\u01b0\u1eddng g\u1eb7p (FAQ) \u0111\u1ec3 c\u00f3 \u0111\u01b0\u1ee3c c\u00e2u tr\u1ea3 l\u1eddi nhanh nh\u1ea5t.","breadcrumb":{"@id":"https:\/\/mochidemy.com\/blog\/#breadcrumb"},"inLanguage":"en-US","potentialAction":[{"@type":"ReadAction","target":["https:\/\/mochidemy.com\/blog\/"]}]},{"@type":"BreadcrumbList","@id":"https:\/\/mochidemy.com\/blog\/#breadcrumb","itemListElement":[{"@type":"ListItem","position":1,"name":"Home","item":"https:\/\/mochidemy.com\/blog\/"},{"@type":"ListItem","position":2,"name":"MochiMochi &#8211; H\u1ed7 tr\u1ee3"}]},{"@type":"WebSite","@id":"https:\/\/mochidemy.com\/blog\/#website","url":"https:\/\/mochidemy.com\/blog\/","name":"MochiMochi Blog","description":"H\u1ecdc t\u1eeb v\u1ef1ng si\u00eau t\u1ed1c","publisher":{"@id":"https:\/\/mochidemy.com\/blog\/#organization"},"potentialAction":[{"@type":"SearchAction","target":{"@type":"EntryPoint","urlTemplate":"https:\/\/mochidemy.com\/blog\/?s={search_term_string}"},"query-input":"required name=search_term_string"}],"inLanguage":"en-US"},{"@type":"Organization","@id":"https:\/\/mochidemy.com\/blog\/#organization","name":"MochiMochi","url":"https:\/\/mochidemy.com\/blog\/","logo":{"@type":"ImageObject","inLanguage":"en-US","@id":"https:\/\/mochidemy.com\/blog\/#\/schema\/logo\/image\/","url":"https:\/\/mochidemy.com\/blog\/wp-content\/uploads\/2021\/06\/Logo.png","contentUrl":"https:\/\/mochidemy.com\/blog\/wp-content\/uploads\/2021\/06\/Logo.png","width":600,"height":600,"caption":"MochiMochi"},"image":{"@id":"https:\/\/mochidemy.com\/blog\/#\/schema\/logo\/image\/"}}]}},"_links":{"self":[{"href":"https:\/\/mochidemy.com\/blog\/wp-json\/wp\/v2\/pages\/462","targetHints":{"allow":["GET"]}}],"collection":[{"href":"https:\/\/mochidemy.com\/blog\/wp-json\/wp\/v2\/pages"}],"about":[{"href":"https:\/\/mochidemy.com\/blog\/wp-json\/wp\/v2\/types\/page"}],"author":[{"embeddable":true,"href":"https:\/\/mochidemy.com\/blog\/wp-json\/wp\/v2\/users\/1"}],"replies":[{"embeddable":true,"href":"https:\/\/mochidemy.com\/blog\/wp-json\/wp\/v2\/comments?post=462"}],"version-history":[{"count":49,"href":"https:\/\/mochidemy.com\/blog\/wp-json\/wp\/v2\/pages\/462\/revisions"}],"predecessor-version":[{"id":2888,"href":"https:\/\/mochidemy.com\/blog\/wp-json\/wp\/v2\/pages\/462\/revisions\/2888"}],"wp:attachment":[{"href":"https:\/\/mochidemy.com\/blog\/wp-json\/wp\/v2\/media?parent=462"}],"curies":[{"name":"wp","href":"https:\/\/api.w.org\/{rel}","templated":true}]}}